{"id":3742,"date":"2025-08-12T18:48:48","date_gmt":"2025-08-12T18:48:48","guid":{"rendered":"https:\/\/cadomarketing.com.br\/reitech\/?page_id=3742"},"modified":"2025-08-12T19:00:50","modified_gmt":"2025-08-12T19:00:50","slug":"reidoors","status":"publish","type":"page","link":"https:\/\/www.reitech.com.br\/es\/reidoors\/","title":{"rendered":"ReiDoors"},"content":{"rendered":"<p><div class=\"fusion-fullwidth fullwidth-box fusion-builder-row-1 fusion-flex-container has-pattern-background has-mask-background nonhundred-percent-fullwidth non-hundred-percent-height-scrolling\" style=\"--awb-border-radius-top-left:0px;--awb-border-radius-top-right:0px;--awb-border-radius-bottom-right:0px;--awb-border-radius-bottom-left:0px;--awb-padding-top:56px;--awb-padding-bottom:51px;--awb-margin-top:60px;--awb-margin-bottom:41px;--awb-background-color:var(--awb-color2);--awb-flex-wrap:wrap;\" ><div class=\"fusion-builder-row fusion-row fusion-flex-align-items-flex-start fusion-flex-content-wrap\" style=\"max-width:1372.8px;margin-left: calc(-4% \/ 2 );margin-right: calc(-4% \/ 2 );\"><div class=\"fusion-layout-column fusion_builder_column fusion-builder-column-0 fusion_builder_column_1_1 1_1 fusion-flex-column fusion-flex-align-self-center\" style=\"--awb-padding-top:15px;--awb-padding-left:50px;--awb-padding-top-small:60px;--awb-padding-left-small:0px;--awb-bg-size:cover;--awb-width-large:100%;--awb-margin-top-large:0px;--awb-spacing-right-large:1.92%;--awb-margin-bottom-large:0px;--awb-spacing-left-large:1.92%;--awb-width-medium:100%;--awb-order-medium:0;--awb-spacing-right-medium:1.92%;--awb-spacing-left-medium:1.92%;--awb-width-small:100%;--awb-order-small:0;--awb-spacing-right-small:1.92%;--awb-spacing-left-small:1.92%;\"><div class=\"fusion-column-wrapper fusion-column-has-shadow fusion-flex-justify-content-center fusion-content-layout-row\"><div class=\"fusion-image-element\" style=\"--awb-max-width:300px;--awb-caption-title-font-family:var(--h2_typography-font-family);--awb-caption-title-font-weight:var(--h2_typography-font-weight);--awb-caption-title-font-style:var(--h2_typography-font-style);--awb-caption-title-size:var(--h2_typography-font-size);--awb-caption-title-transform:var(--h2_typography-text-transform);--awb-caption-title-line-height:var(--h2_typography-line-height);--awb-caption-title-letter-spacing:var(--h2_typography-letter-spacing);\"><span class=\"fusion-imageframe imageframe-none imageframe-1 hover-type-none\"><img decoding=\"async\" width=\"1411\" height=\"328\" title=\"reidoors\" src=\"https:\/\/www.reitech.com.br\/wp-content\/uploads\/2025\/07\/reidoors.png\" data-orig-src=\"https:\/\/www.reitech.com.br\/wp-content\/uploads\/2025\/07\/reidoors.png\" alt class=\"lazyload img-responsive wp-image-3548\" srcset=\"data:image\/svg+xml,%3Csvg%20xmlns%3D%27http%3A%2F%2Fwww.w3.org%2F2000%2Fsvg%27%20width%3D%271411%27%20height%3D%27328%27%20viewBox%3D%270%200%201411%20328%27%3E%3Crect%20width%3D%271411%27%20height%3D%27328%27%20fill-opacity%3D%220%22%2F%3E%3C%2Fsvg%3E\" data-srcset=\"https:\/\/www.reitech.com.br\/wp-content\/uploads\/2025\/07\/reidoors-200x46.png 200w, https:\/\/www.reitech.com.br\/wp-content\/uploads\/2025\/07\/reidoors-400x93.png 400w, https:\/\/www.reitech.com.br\/wp-content\/uploads\/2025\/07\/reidoors-600x139.png 600w, https:\/\/www.reitech.com.br\/wp-content\/uploads\/2025\/07\/reidoors-800x186.png 800w, https:\/\/www.reitech.com.br\/wp-content\/uploads\/2025\/07\/reidoors-1200x279.png 1200w, https:\/\/www.reitech.com.br\/wp-content\/uploads\/2025\/07\/reidoors.png 1411w\" data-sizes=\"auto\" data-orig-sizes=\"(max-width: 850px) 100vw, 1411px\" \/><\/span><\/div><\/div><\/div><\/div><\/div><div class=\"fusion-fullwidth fullwidth-box fusion-builder-row-2 fusion-flex-container has-pattern-background has-mask-background nonhundred-percent-fullwidth non-hundred-percent-height-scrolling\" style=\"--awb-border-radius-top-left:0px;--awb-border-radius-top-right:0px;--awb-border-radius-bottom-right:0px;--awb-border-radius-bottom-left:0px;--awb-flex-wrap:wrap;\" ><div class=\"fusion-builder-row fusion-row fusion-flex-align-items-flex-start fusion-flex-content-wrap\" style=\"max-width:1372.8px;margin-left: calc(-4% \/ 2 );margin-right: calc(-4% \/ 2 );\"><div class=\"fusion-layout-column fusion_builder_column fusion-builder-column-1 fusion_builder_column_1_1 1_1 fusion-flex-column fusion-flex-align-self-center\" style=\"--awb-bg-size:cover;--awb-width-large:100%;--awb-margin-top-large:0px;--awb-spacing-right-large:1.92%;--awb-margin-bottom-large:20px;--awb-spacing-left-large:1.92%;--awb-width-medium:100%;--awb-order-medium:0;--awb-spacing-right-medium:1.92%;--awb-spacing-left-medium:1.92%;--awb-width-small:100%;--awb-order-small:0;--awb-spacing-right-small:1.92%;--awb-spacing-left-small:1.92%;\"><div class=\"fusion-column-wrapper fusion-column-has-shadow fusion-flex-justify-content-center fusion-content-layout-row\"><div class=\"fusion-image-element\" style=\"--awb-max-width:50px;--awb-caption-title-font-family:var(--h2_typography-font-family);--awb-caption-title-font-weight:var(--h2_typography-font-weight);--awb-caption-title-font-style:var(--h2_typography-font-style);--awb-caption-title-size:var(--h2_typography-font-size);--awb-caption-title-transform:var(--h2_typography-text-transform);--awb-caption-title-line-height:var(--h2_typography-line-height);--awb-caption-title-letter-spacing:var(--h2_typography-letter-spacing);\"><span class=\"fusion-imageframe imageframe-none imageframe-2 hover-type-none\"><img decoding=\"async\" width=\"1646\" height=\"418\" title=\"Activo 1\" src=\"https:\/\/www.reitech.com.br\/wp-content\/uploads\/2025\/07\/Ativo-1-5.png\" data-orig-src=\"https:\/\/www.reitech.com.br\/wp-content\/uploads\/2025\/07\/Ativo-1-5.png\" alt class=\"lazyload img-responsive wp-image-3421\" srcset=\"data:image\/svg+xml,%3Csvg%20xmlns%3D%27http%3A%2F%2Fwww.w3.org%2F2000%2Fsvg%27%20width%3D%271646%27%20height%3D%27418%27%20viewBox%3D%270%200%201646%20418%27%3E%3Crect%20width%3D%271646%27%20height%3D%27418%27%20fill-opacity%3D%220%22%2F%3E%3C%2Fsvg%3E\" data-srcset=\"https:\/\/www.reitech.com.br\/wp-content\/uploads\/2025\/07\/Ativo-1-5-200x51.png 200w, https:\/\/www.reitech.com.br\/wp-content\/uploads\/2025\/07\/Ativo-1-5-400x102.png 400w, https:\/\/www.reitech.com.br\/wp-content\/uploads\/2025\/07\/Ativo-1-5-600x152.png 600w, https:\/\/www.reitech.com.br\/wp-content\/uploads\/2025\/07\/Ativo-1-5-800x203.png 800w, https:\/\/www.reitech.com.br\/wp-content\/uploads\/2025\/07\/Ativo-1-5-1200x305.png 1200w, https:\/\/www.reitech.com.br\/wp-content\/uploads\/2025\/07\/Ativo-1-5.png 1646w\" data-sizes=\"auto\" data-orig-sizes=\"(max-width: 850px) 100vw, 1646px\" \/><\/span><\/div><\/div><\/div><\/div><\/div><div class=\"fusion-fullwidth fullwidth-box fusion-builder-row-3 fusion-flex-container has-pattern-background has-mask-background nonhundred-percent-fullwidth non-hundred-percent-height-scrolling fusion-animated\" style=\"--awb-border-radius-top-left:0px;--awb-border-radius-top-right:0px;--awb-border-radius-bottom-right:0px;--awb-border-radius-bottom-left:0px;--awb-margin-top:0px;--awb-flex-wrap:wrap;\" data-animationtype=\"bounceInRight\" data-animationduration=\"2.0\" data-animationoffset=\"top-into-view\" ><div class=\"fusion-builder-row fusion-row fusion-flex-align-items-flex-start fusion-flex-content-wrap\" style=\"max-width:1372.8px;margin-left: calc(-4% \/ 2 );margin-right: calc(-4% \/ 2 );\"><div class=\"fusion-layout-column fusion_builder_column fusion-builder-column-2 fusion_builder_column_1_2 1_2 fusion-flex-column\" style=\"--awb-padding-top:70px;--awb-padding-right:60px;--awb-padding-top-small:40px;--awb-bg-size:cover;--awb-width-large:50%;--awb-margin-top-large:0px;--awb-spacing-right-large:3.84%;--awb-margin-bottom-large:0px;--awb-spacing-left-large:3.84%;--awb-width-medium:50%;--awb-order-medium:0;--awb-spacing-right-medium:3.84%;--awb-spacing-left-medium:3.84%;--awb-width-small:100%;--awb-order-small:0;--awb-spacing-right-small:1.92%;--awb-spacing-left-small:1.92%;\"><div class=\"fusion-column-wrapper fusion-column-has-shadow fusion-flex-justify-content-flex-start fusion-content-layout-column\"><div class=\"fusion-text fusion-text-1\" style=\"--awb-font-size:var(--awb-typography2-font-size);--awb-line-height:var(--awb-typography2-line-height);--awb-letter-spacing:var(--awb-typography2-letter-spacing);--awb-text-transform:var(--awb-typography2-text-transform);--awb-text-font-family:var(--awb-typography2-font-family);--awb-text-font-weight:var(--awb-typography2-font-weight);--awb-text-font-style:var(--awb-typography2-font-style);\"><p>Reidoors es un conjunto de m\u00f3dulos destinados a las empresas que fabrican puertas para <span style=\"letter-spacing: -0.36px; background-color: rgba(0, 0, 0, 0);\">vidrio, aluminio y perfiles especiales.<\/span><\/p>\n<\/div><\/div><\/div><div class=\"fusion-layout-column fusion_builder_column fusion-builder-column-3 fusion_builder_column_1_2 1_2 fusion-flex-column fusion-flex-align-self-flex-start\" style=\"--awb-padding-top:40px;--awb-bg-color:var(--awb-color1);--awb-bg-color-hover:var(--awb-color1);--awb-bg-size:cover;--awb-border-color:hsla(var(--awb-color4-h),var(--awb-color4-s),var(--awb-color4-l),calc(var(--awb-color4-a) - 50%));--awb-border-style:solid;--awb-width-large:50%;--awb-margin-top-large:0px;--awb-spacing-right-large:4.032%;--awb-margin-bottom-large:0px;--awb-spacing-left-large:3.84%;--awb-width-medium:50%;--awb-order-medium:0;--awb-spacing-right-medium:4.032%;--awb-spacing-left-medium:3.84%;--awb-width-small:100%;--awb-order-small:0;--awb-spacing-right-small:1.92%;--awb-spacing-left-small:1.92%;\"><div class=\"fusion-column-wrapper fusion-column-has-shadow fusion-flex-justify-content-center fusion-content-layout-row\"><div class=\"fusion-text fusion-text-2 fusion-text-no-margin\" style=\"--awb-margin-top:20px;--awb-margin-bottom:20px;\"><div style=\"text-align: justify;\">\n<p><b style=\"font-size: 21px; line-height: 21px;\" data-fusion-font=\"true\">\u25cf Muebles a medida;<\/b><\/p>\n<p><b style=\"font-size: 21px; line-height: 21px;\" data-fusion-font=\"true\">\u25cf Vitrinas refrigeradas;<\/b><\/p>\n<p><b style=\"font-size: 21px; line-height: 21px;\" data-fusion-font=\"true\">\u25cf Puertas correderas industriales;<\/b><\/p>\n<p><b style=\"font-size: 21px; line-height: 21px;\" data-fusion-font=\"true\">\u25cf Puertas especiales para autom\u00f3viles;<\/b><\/p>\n<\/div>\n<\/div><\/div><\/div><\/div><\/div><div class=\"fusion-fullwidth fullwidth-box fusion-builder-row-4 fusion-flex-container has-pattern-background has-mask-background nonhundred-percent-fullwidth non-hundred-percent-height-scrolling\" style=\"--awb-border-radius-top-left:0px;--awb-border-radius-top-right:0px;--awb-border-radius-bottom-right:0px;--awb-border-radius-bottom-left:0px;--awb-margin-top:20px;--awb-margin-bottom:20px;--awb-flex-wrap:wrap;\" ><div class=\"fusion-builder-row fusion-row fusion-flex-align-items-flex-start fusion-flex-content-wrap\" style=\"max-width:1372.8px;margin-left: calc(-4% \/ 2 );margin-right: calc(-4% \/ 2 );\"><div class=\"fusion-layout-column fusion_builder_column fusion-builder-column-4 fusion_builder_column_1_1 1_1 fusion-flex-column fusion-flex-align-self-center\" style=\"--awb-bg-size:cover;--awb-width-large:100%;--awb-margin-top-large:0px;--awb-spacing-right-large:1.92%;--awb-margin-bottom-large:20px;--awb-spacing-left-large:1.92%;--awb-width-medium:100%;--awb-order-medium:0;--awb-spacing-right-medium:1.92%;--awb-spacing-left-medium:1.92%;--awb-width-small:100%;--awb-order-small:0;--awb-spacing-right-small:1.92%;--awb-spacing-left-small:1.92%;\"><div class=\"fusion-column-wrapper fusion-column-has-shadow fusion-flex-justify-content-center fusion-content-layout-row\"><div class=\"fusion-image-element\" style=\"--awb-max-width:50px;--awb-caption-title-font-family:var(--h2_typography-font-family);--awb-caption-title-font-weight:var(--h2_typography-font-weight);--awb-caption-title-font-style:var(--h2_typography-font-style);--awb-caption-title-size:var(--h2_typography-font-size);--awb-caption-title-transform:var(--h2_typography-text-transform);--awb-caption-title-line-height:var(--h2_typography-line-height);--awb-caption-title-letter-spacing:var(--h2_typography-letter-spacing);\"><span class=\"fusion-imageframe imageframe-none imageframe-3 hover-type-none\"><img decoding=\"async\" width=\"1646\" height=\"418\" title=\"Activo 1\" src=\"https:\/\/www.reitech.com.br\/wp-content\/uploads\/2025\/07\/Ativo-1-5.png\" data-orig-src=\"https:\/\/www.reitech.com.br\/wp-content\/uploads\/2025\/07\/Ativo-1-5.png\" alt class=\"lazyload img-responsive wp-image-3421\" srcset=\"data:image\/svg+xml,%3Csvg%20xmlns%3D%27http%3A%2F%2Fwww.w3.org%2F2000%2Fsvg%27%20width%3D%271646%27%20height%3D%27418%27%20viewBox%3D%270%200%201646%20418%27%3E%3Crect%20width%3D%271646%27%20height%3D%27418%27%20fill-opacity%3D%220%22%2F%3E%3C%2Fsvg%3E\" data-srcset=\"https:\/\/www.reitech.com.br\/wp-content\/uploads\/2025\/07\/Ativo-1-5-200x51.png 200w, https:\/\/www.reitech.com.br\/wp-content\/uploads\/2025\/07\/Ativo-1-5-400x102.png 400w, https:\/\/www.reitech.com.br\/wp-content\/uploads\/2025\/07\/Ativo-1-5-600x152.png 600w, https:\/\/www.reitech.com.br\/wp-content\/uploads\/2025\/07\/Ativo-1-5-800x203.png 800w, https:\/\/www.reitech.com.br\/wp-content\/uploads\/2025\/07\/Ativo-1-5-1200x305.png 1200w, https:\/\/www.reitech.com.br\/wp-content\/uploads\/2025\/07\/Ativo-1-5.png 1646w\" data-sizes=\"auto\" data-orig-sizes=\"(max-width: 850px) 100vw, 1646px\" \/><\/span><\/div><\/div><\/div><\/div><\/div><div class=\"fusion-fullwidth fullwidth-box fusion-builder-row-5 fusion-flex-container nonhundred-percent-fullwidth non-hundred-percent-height-scrolling\" style=\"--link_hover_color: var(--awb-color5);--link_color: var(--awb-color1);--awb-border-radius-top-left:0px;--awb-border-radius-top-right:0px;--awb-border-radius-bottom-right:0px;--awb-border-radius-bottom-left:0px;--awb-padding-top:30px;--awb-padding-bottom:24px;--awb-margin-bottom:0px;--awb-background-color:var(--awb-color6);--awb-flex-wrap:wrap;\" ><div class=\"fusion-builder-row fusion-row fusion-flex-align-items-center fusion-flex-justify-content-center fusion-flex-content-wrap\" style=\"max-width:1372.8px;margin-left: calc(-4% \/ 2 );margin-right: calc(-4% \/ 2 );\"><div class=\"fusion-layout-column fusion_builder_column fusion-builder-column-5 fusion_builder_column_4_5 4_5 fusion-flex-column\" style=\"--awb-bg-size:cover;--awb-width-large:80%;--awb-margin-top-large:0px;--awb-spacing-right-large:2.4%;--awb-margin-bottom-large:72px;--awb-spacing-left-large:2.4%;--awb-width-medium:80%;--awb-order-medium:0;--awb-spacing-right-medium:2.4%;--awb-spacing-left-medium:2.4%;--awb-width-small:100%;--awb-order-small:0;--awb-spacing-right-small:1.92%;--awb-spacing-left-small:1.92%;\"><div class=\"fusion-column-wrapper fusion-column-has-shadow fusion-flex-justify-content-flex-start fusion-content-layout-column\"><div class=\"fusion-title title fusion-title-1 fusion-sep-none fusion-title-center fusion-title-text fusion-title-size-two\" style=\"--awb-text-color:var(--awb-color1);\"><h2 class=\"fusion-title-heading title-heading-center\" style=\"margin:0;text-transform:none;\">\u00bfQu\u00e9 hace?<\/h2><\/div><\/div><\/div><div class=\"fusion-layout-column fusion_builder_column fusion-builder-column-6 fusion_builder_column_1_1 1_1 fusion-flex-column fusion-column-inner-bg-wrapper\" style=\"--awb-inner-bg-size:cover;--awb-border-color:var(--awb-color6);--awb-border-bottom:1px;--awb-border-style:dashed;--awb-transform:translateY(0px);--awb-transform-hover:translateY(-15px);--awb-width-large:100%;--awb-margin-top-large:0px;--awb-spacing-right-large:1.92%;--awb-margin-bottom-large:30px;--awb-spacing-left-large:1.92%;--awb-width-medium:100%;--awb-order-medium:0;--awb-spacing-right-medium:1.92%;--awb-spacing-left-medium:1.92%;--awb-width-small:100%;--awb-order-small:0;--awb-spacing-right-small:1.92%;--awb-spacing-left-small:1.92%;\"><span class=\"fusion-column-inner-bg hover-type-none\"><a class=\"fusion-column-anchor\" href=\"#\"><span class=\"fusion-column-inner-bg-image\"><\/span><\/a><\/span><div class=\"fusion-column-wrapper fusion-column-has-shadow fusion-flex-justify-content-center fusion-content-layout-row\"><div class=\"fusion-builder-row fusion-builder-row-inner fusion-row fusion-flex-align-items-center fusion-flex-justify-content-center fusion-flex-content-wrap\" style=\"width:104% !important;max-width:104% !important;margin-left: calc(-4% \/ 2 );margin-right: calc(-4% \/ 2 );\"><div class=\"fusion-layout-column fusion_builder_column_inner fusion-builder-nested-column-0 fusion-flex-column fusion-flex-align-self-stretch\" style=\"--awb-bg-size:cover;--awb-width-large:10%;--awb-margin-top-large:0px;--awb-spacing-right-large:0px;--awb-margin-bottom-large:20px;--awb-spacing-left-large:19.2%;--awb-width-medium:10%;--awb-order-medium:0;--awb-spacing-right-medium:19.2%;--awb-spacing-left-medium:19.2%;--awb-width-small:100%;--awb-order-small:0;--awb-spacing-right-small:1.92%;--awb-spacing-left-small:1.92%;\"><div class=\"fusion-column-wrapper fusion-column-has-shadow fusion-flex-justify-content-flex-start fusion-content-layout-column\"><\/div><\/div><div class=\"fusion-layout-column fusion_builder_column_inner fusion-builder-nested-column-1 fusion_builder_column_inner_3_5 3_5 fusion-flex-column fusion-flex-align-self-stretch\" style=\"--awb-bg-size:cover;--awb-width-large:60%;--awb-margin-top-large:0px;--awb-spacing-right-large:0%;--awb-margin-bottom-large:20px;--awb-spacing-left-large:3.2%;--awb-width-medium:60%;--awb-order-medium:0;--awb-spacing-right-medium:0%;--awb-spacing-left-medium:6.4%;--awb-width-small:100%;--awb-order-small:0;--awb-spacing-right-small:1.92%;--awb-spacing-left-small:1.92%;\"><div class=\"fusion-column-wrapper fusion-column-has-shadow fusion-flex-justify-content-flex-start fusion-content-layout-column\"><div class=\"fusion-text fusion-text-3 sm-text-align-center\" style=\"--awb-font-size:var(--awb-typography4-font-size);--awb-line-height:var(--awb-typography4-line-height);--awb-letter-spacing:var(--awb-typography4-letter-spacing);--awb-text-transform:var(--awb-typography4-text-transform);--awb-text-color:var(--awb-color2);--awb-text-font-family:var(--awb-typography4-font-family);--awb-text-font-weight:var(--awb-typography4-font-weight);--awb-text-font-style:var(--awb-typography4-font-style);\"><p>\u25cf Optimiza perfiles de aluminio, herrajes, vidrios y rellenos;<\/p>\n<p>\u25cf Genera dise\u00f1os por tipo de puerta y aplicaci\u00f3n;<\/p>\n<p>\u25cf Controles de montaje asistido por sectores;<\/p>\n<\/div><\/div><\/div><div class=\"fusion-layout-column fusion_builder_column_inner fusion-builder-nested-column-2 fusion-flex-column fusion-flex-align-self-stretch\" style=\"--awb-bg-size:cover;--awb-width-large:30%;--awb-margin-top-large:0px;--awb-spacing-right-large:6.4%;--awb-margin-bottom-large:20px;--awb-spacing-left-large:6.4%;--awb-width-medium:30%;--awb-order-medium:0;--awb-spacing-right-medium:6.4%;--awb-spacing-left-medium:6.4%;--awb-width-small:100%;--awb-order-small:0;--awb-margin-top-small:0px;--awb-spacing-right-small:1.92%;--awb-spacing-left-small:1.92%;\"><div class=\"fusion-column-wrapper fusion-column-has-shadow fusion-flex-justify-content-flex-start fusion-content-layout-column\"><\/div><\/div><\/div><\/div><\/div><\/div><\/div><\/p>","protected":false},"excerpt":{"rendered":"","protected":false},"author":1,"featured_media":0,"parent":0,"menu_order":0,"comment_status":"closed","ping_status":"closed","template":"100-width.php","meta":{"_acf_changed":false,"_joinchat":[],"footnotes":""},"class_list":["post-3742","page","type-page","status-publish","hentry"],"acf":[],"yoast_head":"<!-- This site is optimized with the Yoast SEO plugin v27.0 - https:\/\/yoast.com\/product\/yoast-seo-wordpress\/ -->\n<title>ReiDoors - Reitech<\/title>\n<meta name=\"robots\" content=\"index, follow, max-snippet:-1, max-image-preview:large, max-video-preview:-1\" \/>\n<link rel=\"canonical\" href=\"https:\/\/www.reitech.com.br\/es\/reidoors\/\" \/>\n<meta property=\"og:locale\" content=\"es_ES\" \/>\n<meta property=\"og:type\" content=\"article\" \/>\n<meta property=\"og:title\" content=\"ReiDoors - Reitech\" \/>\n<meta property=\"og:url\" content=\"https:\/\/www.reitech.com.br\/es\/reidoors\/\" \/>\n<meta property=\"og:site_name\" content=\"Reitech\" \/>\n<meta property=\"article:publisher\" content=\"https:\/\/www.facebook.com\/reitech.br\" \/>\n<meta property=\"article:modified_time\" content=\"2025-08-12T19:00:50+00:00\" \/>\n<meta name=\"twitter:card\" content=\"summary_large_image\" \/>\n<meta name=\"twitter:label1\" content=\"Tiempo de lectura\" \/>\n\t<meta name=\"twitter:data1\" content=\"20 minutos\" \/>\n<script type=\"application\/ld+json\" class=\"yoast-schema-graph\">{\"@context\":\"https:\/\/schema.org\",\"@graph\":[{\"@type\":\"WebPage\",\"@id\":\"https:\/\/www.reitech.com.br\/es\/reidoors\/\",\"url\":\"https:\/\/www.reitech.com.br\/es\/reidoors\/\",\"name\":\"ReiDoors - Reitech\",\"isPartOf\":{\"@id\":\"https:\/\/www.reitech.com.br\/#website\"},\"datePublished\":\"2025-08-12T18:48:48+00:00\",\"dateModified\":\"2025-08-12T19:00:50+00:00\",\"breadcrumb\":{\"@id\":\"https:\/\/www.reitech.com.br\/es\/reidoors\/#breadcrumb\"},\"inLanguage\":\"es\",\"potentialAction\":[{\"@type\":\"ReadAction\",\"target\":[\"https:\/\/www.reitech.com.br\/es\/reidoors\/\"]}]},{\"@type\":\"BreadcrumbList\",\"@id\":\"https:\/\/www.reitech.com.br\/es\/reidoors\/#breadcrumb\",\"itemListElement\":[{\"@type\":\"ListItem\",\"position\":1,\"name\":\"In\u00edcio\",\"item\":\"https:\/\/www.reitech.com.br\/\"},{\"@type\":\"ListItem\",\"position\":2,\"name\":\"ReiDoors\"}]},{\"@type\":\"WebSite\",\"@id\":\"https:\/\/www.reitech.com.br\/#website\",\"url\":\"https:\/\/www.reitech.com.br\/\",\"name\":\"Reitech\",\"description\":\"Solu\u00e7\u00f5es Tecnol\u00f3gicas\",\"publisher\":{\"@id\":\"https:\/\/www.reitech.com.br\/#organization\"},\"potentialAction\":[{\"@type\":\"SearchAction\",\"target\":{\"@type\":\"EntryPoint\",\"urlTemplate\":\"https:\/\/www.reitech.com.br\/?s={search_term_string}\"},\"query-input\":{\"@type\":\"PropertyValueSpecification\",\"valueRequired\":true,\"valueName\":\"search_term_string\"}}],\"inLanguage\":\"es\"},{\"@type\":\"Organization\",\"@id\":\"https:\/\/www.reitech.com.br\/#organization\",\"name\":\"Reitech\",\"url\":\"https:\/\/www.reitech.com.br\/\",\"logo\":{\"@type\":\"ImageObject\",\"inLanguage\":\"es\",\"@id\":\"https:\/\/www.reitech.com.br\/#\/schema\/logo\/image\/\",\"url\":\"https:\/\/www.reitech.com.br\/wp-content\/uploads\/2025\/06\/reitech-horizontal.png\",\"contentUrl\":\"https:\/\/www.reitech.com.br\/wp-content\/uploads\/2025\/06\/reitech-horizontal.png\",\"width\":1001,\"height\":340,\"caption\":\"Reitech\"},\"image\":{\"@id\":\"https:\/\/www.reitech.com.br\/#\/schema\/logo\/image\/\"},\"sameAs\":[\"https:\/\/www.facebook.com\/reitech.br\",\"https:\/\/www.instagram.com\/reitech.br\",\"https:\/\/www.youtube.com\/ReitechTI\"]}]}<\/script>\n<!-- \/ Yoast SEO plugin. -->","yoast_head_json":{"title":"ReiDoors - Reitech","robots":{"index":"index","follow":"follow","max-snippet":"max-snippet:-1","max-image-preview":"max-image-preview:large","max-video-preview":"max-video-preview:-1"},"canonical":"https:\/\/www.reitech.com.br\/es\/reidoors\/","og_locale":"es_ES","og_type":"article","og_title":"ReiDoors - Reitech","og_url":"https:\/\/www.reitech.com.br\/es\/reidoors\/","og_site_name":"Reitech","article_publisher":"https:\/\/www.facebook.com\/reitech.br","article_modified_time":"2025-08-12T19:00:50+00:00","twitter_card":"summary_large_image","twitter_misc":{"Tiempo de lectura":"20 minutos"},"schema":{"@context":"https:\/\/schema.org","@graph":[{"@type":"WebPage","@id":"https:\/\/www.reitech.com.br\/es\/reidoors\/","url":"https:\/\/www.reitech.com.br\/es\/reidoors\/","name":"ReiDoors - Reitech","isPartOf":{"@id":"https:\/\/www.reitech.com.br\/#website"},"datePublished":"2025-08-12T18:48:48+00:00","dateModified":"2025-08-12T19:00:50+00:00","breadcrumb":{"@id":"https:\/\/www.reitech.com.br\/es\/reidoors\/#breadcrumb"},"inLanguage":"es","potentialAction":[{"@type":"ReadAction","target":["https:\/\/www.reitech.com.br\/es\/reidoors\/"]}]},{"@type":"BreadcrumbList","@id":"https:\/\/www.reitech.com.br\/es\/reidoors\/#breadcrumb","itemListElement":[{"@type":"ListItem","position":1,"name":"In\u00edcio","item":"https:\/\/www.reitech.com.br\/"},{"@type":"ListItem","position":2,"name":"ReiDoors"}]},{"@type":"WebSite","@id":"https:\/\/www.reitech.com.br\/#website","url":"https:\/\/www.reitech.com.br\/","name":"Reitech","description":"Solu\u00e7\u00f5es Tecnol\u00f3gicas","publisher":{"@id":"https:\/\/www.reitech.com.br\/#organization"},"potentialAction":[{"@type":"SearchAction","target":{"@type":"EntryPoint","urlTemplate":"https:\/\/www.reitech.com.br\/?s={search_term_string}"},"query-input":{"@type":"PropertyValueSpecification","valueRequired":true,"valueName":"search_term_string"}}],"inLanguage":"es"},{"@type":"Organization","@id":"https:\/\/www.reitech.com.br\/#organization","name":"Reitech","url":"https:\/\/www.reitech.com.br\/","logo":{"@type":"ImageObject","inLanguage":"es","@id":"https:\/\/www.reitech.com.br\/#\/schema\/logo\/image\/","url":"https:\/\/www.reitech.com.br\/wp-content\/uploads\/2025\/06\/reitech-horizontal.png","contentUrl":"https:\/\/www.reitech.com.br\/wp-content\/uploads\/2025\/06\/reitech-horizontal.png","width":1001,"height":340,"caption":"Reitech"},"image":{"@id":"https:\/\/www.reitech.com.br\/#\/schema\/logo\/image\/"},"sameAs":["https:\/\/www.facebook.com\/reitech.br","https:\/\/www.instagram.com\/reitech.br","https:\/\/www.youtube.com\/ReitechTI"]}]}},"_links":{"self":[{"href":"https:\/\/www.reitech.com.br\/es\/wp-json\/wp\/v2\/pages\/3742","targetHints":{"allow":["GET"]}}],"collection":[{"href":"https:\/\/www.reitech.com.br\/es\/wp-json\/wp\/v2\/pages"}],"about":[{"href":"https:\/\/www.reitech.com.br\/es\/wp-json\/wp\/v2\/types\/page"}],"author":[{"embeddable":true,"href":"https:\/\/www.reitech.com.br\/es\/wp-json\/wp\/v2\/users\/1"}],"replies":[{"embeddable":true,"href":"https:\/\/www.reitech.com.br\/es\/wp-json\/wp\/v2\/comments?post=3742"}],"version-history":[{"count":4,"href":"https:\/\/www.reitech.com.br\/es\/wp-json\/wp\/v2\/pages\/3742\/revisions"}],"predecessor-version":[{"id":3758,"href":"https:\/\/www.reitech.com.br\/es\/wp-json\/wp\/v2\/pages\/3742\/revisions\/3758"}],"wp:attachment":[{"href":"https:\/\/www.reitech.com.br\/es\/wp-json\/wp\/v2\/media?parent=3742"}],"curies":[{"name":"wp","href":"https:\/\/api.w.org\/{rel}","templated":true}]}}